{"id":3355,"date":"2026-02-19T14:23:14","date_gmt":"2026-02-19T13:23:14","guid":{"rendered":"https:\/\/omfb.dexanet.biz\/?page_id=3355"},"modified":"2026-02-24T10:11:43","modified_gmt":"2026-02-24T09:11:43","slug":"tutele-copyright","status":"publish","type":"page","link":"https:\/\/omfb.dexanet.biz\/it\/tutele-copyright\/","title":{"rendered":"Tutele e Copyright"},"content":{"rendered":"\t\t<div data-elementor-type=\"wp-page\" data-elementor-id=\"3355\" class=\"elementor elementor-3355\" data-elementor-post-type=\"page\">\n\t\t\t\t<div class=\"elementor-element elementor-element-7c47c81d section-page-title e-flex e-con-boxed e-con e-child\" data-id=\"7c47c81d\" data-element_type=\"container\" data-e-type=\"container\">\n\t\t\t\t\t<div class=\"e-con-inner\">\n\t\t\t\t<div class=\"elementor-element elementor-element-593f49ed elementor-invisible elementor-widget elementor-widget-breadcrumbs\" data-id=\"593f49ed\" data-element_type=\"widget\" data-e-type=\"widget\" data-settings=\"{&quot;_animation&quot;:&quot;fadeInUp&quot;}\" data-widget_type=\"breadcrumbs.default\">\n\t\t\t\t\t<p id=\"breadcrumbs\"><span><span><a href=\"https:\/\/omfb.dexanet.biz\/it\/\">Home<\/a><\/span><\/span><\/p>\t\t\t\t<\/div>\n\t\t\t\t<div class=\"elementor-element elementor-element-6068b53c elementor-invisible elementor-widget elementor-widget-heading\" data-id=\"6068b53c\" data-element_type=\"widget\" data-e-type=\"widget\" data-settings=\"{&quot;_animation&quot;:&quot;fadeInUp&quot;}\" data-widget_type=\"heading.default\">\n\t\t\t\t\t<h1 class=\"elementor-heading-title elementor-size-default\">Tutele e Copyright<\/h1>\t\t\t\t<\/div>\n\t\t\t\t\t<\/div>\n\t\t\t\t<\/div>\n\t\t<div class=\"elementor-element elementor-element-bc0d7cd e-flex e-con-boxed e-con e-parent\" data-id=\"bc0d7cd\" data-element_type=\"container\" data-e-type=\"container\">\n\t\t\t\t\t<div class=\"e-con-inner\">\n\t\t\t\t<div class=\"elementor-element elementor-element-b594527 elementor-widget elementor-widget-text-editor\" data-id=\"b594527\" data-element_type=\"widget\" data-e-type=\"widget\" data-widget_type=\"text-editor.default\">\n\t\t\t\t\t\t\t\t\t<h5><span style=\"color: #000000;\">Avvertenze<\/span><\/h5><p>Chiunque contatti questo sito (da qui in avanti denominato &#8220;Sito&#8221;) accetta le regole, i termini e le condizioni qui riportate (da qui in avanti denominate &#8220;Regole&#8221;) e quelle indicate nelle altre pagine del Sito. Qualora queste condizioni non fossero da Voi accettate siete pregati di abbandonare il Sito. Chiunque acceder\u00e0 alle altre pagine del Sito manifester\u00e0, nei fatti, l\u2019accettazione delle Regole. OMFB S.p.A. \u00e8 libera di modificare, in qualsiasi momento ed in qualsiasi modo le Regole senza che sia tenuta a renderne conto a chicchessia.<\/p><h5><span style=\"color: #000000;\">Scopo del sito<\/span><\/h5><p>Scopo del Sito \u00e8 solamente l\u2019illustrazione, la diffusione, la pubblicit\u00e0 e l\u2019informazione relativa ai prodotti ed ai servizi OMFB S.p.A. (da qui in avanti le &#8220;Informazioni&#8221;). Nessuna delle Informazioni riportate sul Sito pu\u00f2 essere considerata, salvo ove specificatamente affermato, promessa al pubblico o comunque essere considerata impegnativa per qualsiasi trattativa o relazione negoziale o commerciale. Ogni Informazione riportata nel Sito \u00e8 da ritenersi puramente indicativa e non impegna a nessun titolo ne OMFB S.p.A., ne i gestori del Sito, ne gli altri soggetti terzi che dal Sito, tramite link, sono richiamati.<\/p><h5><span style=\"color: #000000;\">Utilizzo di marchi, immagini, foto, disegni, suoni, filmati, software<\/span><\/h5><p>Salvo diversa e specifica indicazione, ogni marchio, logo, immagine, disegno, suono, musica, filmato, software o altro presente nel Sito (da qui in avanti gli &#8220;Oggetti&#8221;) \u00e8 coperto dai relativi diritti che ne tutelano la propriet\u00e0 quali, a titolo indicativo e non esaustivo, diritto di marchio, diritto brevetto, diritto d\u2019autore ecc. Tali diritti sono tutti legittimamente detenuti da OMFB S.p.A. o da OMFB S.p.A. avuti in concessione dai legittimi proprietari. E\u2019 pertanto vietato, salvo che per i fini strettamente personali, qualsiasi uso (copia, copia anche parziale, hardcopy) degli Oggetti. Per uso a fini strettamente personali si intende l\u2019archiviazione sul proprio personal computer o la stampa degli Oggetti finalizzato alla conservazione di documentazione ad uso personale. Sono pertanto da considerarsi ad uso non strettamente personale \u2013 e come tali illegittime \u2013 la distribuzione e la trasmissione \u2013 intendendosi con questa anche la messa disposizione su altri siti \u2013 degli Oggetti a terzi, la loro modifica, la ripubblicazione, il riutilizzo attraverso l\u2019inserimento in altri documenti o file, nonch\u00e9 qualsiasi tipo di rielaborazione. OMFB S.p.A. non \u00e8 in alcun modo responsabile ne potr\u00e0 essere chiamata a rispondere delle violazioni dei diritti che i titolari degli Oggetti dati in concessione a OMFB S.p.A. possano contestare agli utenti del Sito che, in un qualche modo, abbiano violato tali diritti. La responsabilit\u00e0 di dette violazioni \u00e8 e resta dell\u2019utente del Sito che l\u2019ha commessa.<\/p><h5><span style=\"color: #000000;\">Danni conseguenti a connessioni<\/span><\/h5><p>OMFB S.p.A. non \u00e8 in alcun modo responsabile per i danni conseguenti all\u2019accesso al Sito ed all\u2019utilizzo o al download degli Oggetti ivi presenti, siano detti danni conseguenti a difetti, errori o altro o siano essi conseguenti all\u2019incapacit\u00e0 dell\u2019utilizzo del materiale incluso nel Sito.<\/p><h5><span style=\"color: #000000;\">Link<\/span><\/h5><p>OMFB S.p.A. non \u00e8 responsabile del contenuto dei siti collegati, tramite link, al Sito OMFB S.p.A. ne del contenuto dei siti non OMFB S.p.A. a cui il Sito, tramite link, rinvia.<\/p><h5><span style=\"color: #000000;\">Veridicit\u00e0, obbligatoriet\u00e0 ed esaustivit\u00e0 delle informazioni, delle offerte e dei servizi illustrati nel sito &#8211; Territorialit\u00e0 delle informazioni &#8211; Esclusione di responsabilit\u00e0<\/span><\/h5><p>Essendo le Informazioni puramente indicative \u00e8 esclusa ogni garanzia circa l\u2019esattezza e la completezza delle stesse. \u00c8 parimenti escluso che qualsiasi Informazione riportata nel Sito possa in alcun modo impegnare, per qualsiasi ragione, OMFB S.p.A. o gli altri soggetti indicati o rinviati, tramite link, dal Sito. In particolare \u00e8 escluso che le Informazioni riportate sul Sito siano valide in tutti i Paesi da cui \u00e8 possibile contattare il Sito. Ogni utente che desideri puntuali e dettagliate Informazioni dovr\u00e0 contattare le strutture OMFB S.p.A. presenti nel suo Paese. \u00c8 altres\u00ec possibile che le Informazioni riportate sul Sito possano essere arbitrariamente modificate da OMFB S.p.A. in qualsiasi momento e per qualsiasi ragione senza che quanto affermato, sia prima che dopo le modifiche, impegni in alcun modo OMFB S.p.A.<\/p>\t\t\t\t\t\t\t\t<\/div>\n\t\t\t\t\t<\/div>\n\t\t\t\t<\/div>\n\t\t\t\t<\/div>\n\t\t","protected":false},"excerpt":{"rendered":"<p>Avvertenze Chiunque contatti questo sito (da qui in avanti denominato &#8220;Sito&#8221;) accetta le regole, i termini e le condizioni qui riportate (da qui in avanti denominate &#8220;Regole&#8221;) e quelle indicate nelle altre pagine del Sito. Qualora queste condizioni non fossero da Voi accettate siete pregati di abbandonare il Sito. Chiunque acceder\u00e0 alle altre pagine del &hellip; <a href=\"https:\/\/omfb.dexanet.biz\/it\/tutele-copyright\/\">Continua<\/a><\/p>\n","protected":false},"author":2,"featured_media":0,"parent":0,"menu_order":0,"comment_status":"closed","ping_status":"closed","template":"","meta":{"_acf_changed":false,"footnotes":""},"class_list":["post-3355","page","type-page","status-publish","hentry"],"acf":[],"yoast_head":"<!-- This site is optimized with the Yoast SEO plugin v26.9 - https:\/\/yoast.com\/product\/yoast-seo-wordpress\/ -->\n<title>Tutele e Copyright - OMFB<\/title>\n<meta name=\"robots\" content=\"noindex, follow, max-snippet:-1, max-image-preview:large, max-video-preview:-1\" \/>\n<meta property=\"og:locale\" content=\"it_IT\" \/>\n<meta property=\"og:type\" content=\"article\" \/>\n<meta property=\"og:title\" content=\"Tutele e Copyright - OMFB\" \/>\n<meta property=\"og:description\" content=\"Avvertenze Chiunque contatti questo sito (da qui in avanti denominato &#8220;Sito&#8221;) accetta le regole, i termini e le condizioni qui riportate (da qui in avanti denominate &#8220;Regole&#8221;) e quelle indicate nelle altre pagine del Sito. Qualora queste condizioni non fossero da Voi accettate siete pregati di abbandonare il Sito. Chiunque acceder\u00e0 alle altre pagine del &hellip; Continua\" \/>\n<meta property=\"og:url\" content=\"https:\/\/omfb.dexanet.biz\/it\/tutele-copyright\/\" \/>\n<meta property=\"og:site_name\" content=\"OMFB\" \/>\n<meta property=\"article:modified_time\" content=\"2026-02-24T09:11:43+00:00\" \/>\n<meta name=\"twitter:card\" content=\"summary_large_image\" \/>\n<meta name=\"twitter:label1\" content=\"Tempo di lettura stimato\" \/>\n\t<meta name=\"twitter:data1\" content=\"4 minuti\" \/>\n<script type=\"application\/ld+json\" class=\"yoast-schema-graph\">{\"@context\":\"https:\/\/schema.org\",\"@graph\":[{\"@type\":\"WebPage\",\"@id\":\"https:\/\/omfb.dexanet.biz\/it\/tutele-copyright\/\",\"url\":\"https:\/\/omfb.dexanet.biz\/it\/tutele-copyright\/\",\"name\":\"Tutele e Copyright - OMFB\",\"isPartOf\":{\"@id\":\"https:\/\/omfb.dexanet.biz\/it\/#website\"},\"datePublished\":\"2026-02-19T13:23:14+00:00\",\"dateModified\":\"2026-02-24T09:11:43+00:00\",\"breadcrumb\":{\"@id\":\"https:\/\/omfb.dexanet.biz\/it\/tutele-copyright\/#breadcrumb\"},\"inLanguage\":\"it-IT\",\"potentialAction\":[{\"@type\":\"ReadAction\",\"target\":[\"https:\/\/omfb.dexanet.biz\/it\/tutele-copyright\/\"]}]},{\"@type\":\"BreadcrumbList\",\"@id\":\"https:\/\/omfb.dexanet.biz\/it\/tutele-copyright\/#breadcrumb\",\"itemListElement\":[{\"@type\":\"ListItem\",\"position\":1,\"name\":\"Home\",\"item\":\"https:\/\/omfb.dexanet.biz\/it\/\"},{\"@type\":\"ListItem\",\"position\":2,\"name\":\"Tutele e Copyright\"}]},{\"@type\":\"WebSite\",\"@id\":\"https:\/\/omfb.dexanet.biz\/it\/#website\",\"url\":\"https:\/\/omfb.dexanet.biz\/it\/\",\"name\":\"OMFB\",\"description\":\"Componenti idraulici\",\"potentialAction\":[{\"@type\":\"SearchAction\",\"target\":{\"@type\":\"EntryPoint\",\"urlTemplate\":\"https:\/\/omfb.dexanet.biz\/it\/?s={search_term_string}\"},\"query-input\":{\"@type\":\"PropertyValueSpecification\",\"valueRequired\":true,\"valueName\":\"search_term_string\"}}],\"inLanguage\":\"it-IT\"}]}<\/script>\n<!-- \/ Yoast SEO plugin. -->","yoast_head_json":{"title":"Tutele e Copyright - OMFB","robots":{"index":"noindex","follow":"follow","max-snippet":"max-snippet:-1","max-image-preview":"max-image-preview:large","max-video-preview":"max-video-preview:-1"},"og_locale":"it_IT","og_type":"article","og_title":"Tutele e Copyright - OMFB","og_description":"Avvertenze Chiunque contatti questo sito (da qui in avanti denominato &#8220;Sito&#8221;) accetta le regole, i termini e le condizioni qui riportate (da qui in avanti denominate &#8220;Regole&#8221;) e quelle indicate nelle altre pagine del Sito. Qualora queste condizioni non fossero da Voi accettate siete pregati di abbandonare il Sito. Chiunque acceder\u00e0 alle altre pagine del &hellip; Continua","og_url":"https:\/\/omfb.dexanet.biz\/it\/tutele-copyright\/","og_site_name":"OMFB","article_modified_time":"2026-02-24T09:11:43+00:00","twitter_card":"summary_large_image","twitter_misc":{"Tempo di lettura stimato":"4 minuti"},"schema":{"@context":"https:\/\/schema.org","@graph":[{"@type":"WebPage","@id":"https:\/\/omfb.dexanet.biz\/it\/tutele-copyright\/","url":"https:\/\/omfb.dexanet.biz\/it\/tutele-copyright\/","name":"Tutele e Copyright - OMFB","isPartOf":{"@id":"https:\/\/omfb.dexanet.biz\/it\/#website"},"datePublished":"2026-02-19T13:23:14+00:00","dateModified":"2026-02-24T09:11:43+00:00","breadcrumb":{"@id":"https:\/\/omfb.dexanet.biz\/it\/tutele-copyright\/#breadcrumb"},"inLanguage":"it-IT","potentialAction":[{"@type":"ReadAction","target":["https:\/\/omfb.dexanet.biz\/it\/tutele-copyright\/"]}]},{"@type":"BreadcrumbList","@id":"https:\/\/omfb.dexanet.biz\/it\/tutele-copyright\/#breadcrumb","itemListElement":[{"@type":"ListItem","position":1,"name":"Home","item":"https:\/\/omfb.dexanet.biz\/it\/"},{"@type":"ListItem","position":2,"name":"Tutele e Copyright"}]},{"@type":"WebSite","@id":"https:\/\/omfb.dexanet.biz\/it\/#website","url":"https:\/\/omfb.dexanet.biz\/it\/","name":"OMFB","description":"Componenti idraulici","potentialAction":[{"@type":"SearchAction","target":{"@type":"EntryPoint","urlTemplate":"https:\/\/omfb.dexanet.biz\/it\/?s={search_term_string}"},"query-input":{"@type":"PropertyValueSpecification","valueRequired":true,"valueName":"search_term_string"}}],"inLanguage":"it-IT"}]}},"_links":{"self":[{"href":"https:\/\/omfb.dexanet.biz\/it\/wp-json\/wp\/v2\/pages\/3355","targetHints":{"allow":["GET"]}}],"collection":[{"href":"https:\/\/omfb.dexanet.biz\/it\/wp-json\/wp\/v2\/pages"}],"about":[{"href":"https:\/\/omfb.dexanet.biz\/it\/wp-json\/wp\/v2\/types\/page"}],"author":[{"embeddable":true,"href":"https:\/\/omfb.dexanet.biz\/it\/wp-json\/wp\/v2\/users\/2"}],"replies":[{"embeddable":true,"href":"https:\/\/omfb.dexanet.biz\/it\/wp-json\/wp\/v2\/comments?post=3355"}],"version-history":[{"count":19,"href":"https:\/\/omfb.dexanet.biz\/it\/wp-json\/wp\/v2\/pages\/3355\/revisions"}],"predecessor-version":[{"id":3696,"href":"https:\/\/omfb.dexanet.biz\/it\/wp-json\/wp\/v2\/pages\/3355\/revisions\/3696"}],"wp:attachment":[{"href":"https:\/\/omfb.dexanet.biz\/it\/wp-json\/wp\/v2\/media?parent=3355"}],"curies":[{"name":"wp","href":"https:\/\/api.w.org\/{rel}","templated":true}]}}